{"id":8103,"date":"2026-01-05T16:22:32","date_gmt":"2026-01-05T22:22:32","guid":{"rendered":"https:\/\/yardhouse.cr\/?page_id=8103"},"modified":"2026-03-30T10:57:50","modified_gmt":"2026-03-30T16:57:50","slug":"reservaciones","status":"publish","type":"page","link":"https:\/\/yardhouse.cr\/en\/reservaciones\/","title":{"rendered":"Reservations"},"content":{"rendered":"<div data-elementor-type=\"wp-page\" data-elementor-id=\"8103\" class=\"elementor elementor-8103\" data-elementor-post-type=\"page\">\n\t\t\t\t\t\t<section class=\"elementor-section elementor-top-section elementor-element elementor-element-5c070ca elementor-hidden-mobile elementor-section-boxed elementor-section-height-default elementor-section-height-default\" data-id=\"5c070ca\" data-element_type=\"section\" data-e-type=\"section\">\n\t\t\t\t\t\t<div class=\"elementor-container elementor-column-gap-default\">\n\t\t\t\t\t<div class=\"elementor-column elementor-col-100 elementor-top-column elementor-element elementor-element-6868b40\" data-id=\"6868b40\" data-element_type=\"column\" data-e-type=\"column\">\n\t\t\t<div class=\"elementor-widget-wrap elementor-element-populated\">\n\t\t\t\t\t\t<div class=\"elementor-element elementor-element-078af36 elementor-widget elementor-widget-spacer\" data-id=\"078af36\" data-element_type=\"widget\" data-e-type=\"widget\" data-widget_type=\"spacer.default\">\n\t\t\t\t<div class=\"elementor-widget-container\">\n\t\t\t\t\t\t\t<div class=\"elementor-spacer\">\n\t\t\t<div class=\"elementor-spacer-inner\"><\/div>\n\t\t<\/div>\n\t\t\t\t\t\t<\/div>\n\t\t\t\t<\/div>\n\t\t\t\t<div class=\"elementor-element elementor-element-8395289 elementor-widget elementor-widget-heading\" data-id=\"8395289\" data-element_type=\"widget\" data-e-type=\"widget\" data-widget_type=\"heading.default\">\n\t\t\t\t<div class=\"elementor-widget-container\">\n\t\t\t\t\t<h1 class=\"elementor-heading-title elementor-size-default\">Reservations<\/h1>\t\t\t\t<\/div>\n\t\t\t\t<\/div>\n\t\t\t\t<div class=\"elementor-element elementor-element-53475bb elementor-widget elementor-widget-text-editor\" data-id=\"53475bb\" data-element_type=\"widget\" data-e-type=\"widget\" data-widget_type=\"text-editor.default\">\n\t\t\t\t<div class=\"elementor-widget-container\">\n\t\t\t\t\t\t\t\t\t<p>Reserve your table and enjoy great food, a fantastic atmosphere, and the best selection of beers.<\/p>\t\t\t\t\t\t\t\t<\/div>\n\t\t\t\t<\/div>\n\t\t\t\t\t<\/div>\n\t\t<\/div>\n\t\t\t\t\t<\/div>\n\t\t<\/section>\n\t\t\t\t<section class=\"elementor-section elementor-top-section elementor-element elementor-element-66b1984 elementor-hidden-mobile elementor-section-boxed elementor-section-height-default elementor-section-height-default\" data-id=\"66b1984\" data-element_type=\"section\" data-e-type=\"section\">\n\t\t\t\t\t\t<div class=\"elementor-container elementor-column-gap-default\">\n\t\t\t\t\t<div class=\"elementor-column elementor-col-25 elementor-top-column elementor-element elementor-element-324828e\" data-id=\"324828e\" data-element_type=\"column\" data-e-type=\"column\">\n\t\t\t<div class=\"elementor-widget-wrap\">\n\t\t\t\t\t\t\t<\/div>\n\t\t<\/div>\n\t\t\t\t<div class=\"elementor-column elementor-col-50 elementor-top-column elementor-element elementor-element-7024217\" data-id=\"7024217\" data-element_type=\"column\" data-e-type=\"column\">\n\t\t\t<div class=\"elementor-widget-wrap elementor-element-populated\">\n\t\t\t\t\t\t<div class=\"elementor-element elementor-element-2bbb2d4 elementor-widget__width-auto elementor-widget elementor-widget-html\" data-id=\"2bbb2d4\" data-element_type=\"widget\" data-e-type=\"widget\" data-widget_type=\"html.default\">\n\t\t\t\t<div class=\"elementor-widget-container\">\n\t\t\t\t\t<iframe \ndata-test=\"reservation-widget-iframe\" \nsrc=\"https:\/\/www.opentable.com\/widget\/reservation\/mural?restaurantIds=1499092&type=standard&colorThemeId=2&isDarkMode=false&isIframe=true&domain=com&lang=es-MX&isNewTab=false&otSource=Restaurant website&font=BrandonText&primaryColor=ffffff&primaryFontColor=333333&buttonColor=da3743&buttonFontColor=ffffff&logoPid=0&backgroundPid=0&demo=false&otLogo=standard&loadAllWidgets=false&uuid=885948f6-2e1d-4458-85d2-a237436867be16&theme=standard\"\nwidth=\"224\"\nheight=\"301\"\nframeborder=\"0\"\nscrolling=\"no\"\nstyle=\"display:block; margin:0 auto;\"\n><\/iframe>\t\t\t\t<\/div>\n\t\t\t\t<\/div>\n\t\t\t\t\t<\/div>\n\t\t<\/div>\n\t\t\t\t<div class=\"elementor-column elementor-col-25 elementor-top-column elementor-element elementor-element-0c1a285\" data-id=\"0c1a285\" data-element_type=\"column\" data-e-type=\"column\">\n\t\t\t<div class=\"elementor-widget-wrap\">\n\t\t\t\t\t\t\t<\/div>\n\t\t<\/div>\n\t\t\t\t\t<\/div>\n\t\t<\/section>\n\t\t\t\t<section class=\"elementor-section elementor-top-section elementor-element elementor-element-8ded0ee elementor-hidden-mobile elementor-section-boxed elementor-section-height-default elementor-section-height-default\" data-id=\"8ded0ee\" data-element_type=\"section\" data-e-type=\"section\">\n\t\t\t\t\t\t<div class=\"elementor-container elementor-column-gap-default\">\n\t\t\t\t\t<div class=\"elementor-column elementor-col-100 elementor-top-column elementor-element elementor-element-628c237\" data-id=\"628c237\" data-element_type=\"column\" data-e-type=\"column\">\n\t\t\t<div class=\"elementor-widget-wrap elementor-element-populated\">\n\t\t\t\t\t\t<div class=\"elementor-element elementor-element-fc14cbd elementor-widget elementor-widget-spacer\" data-id=\"fc14cbd\" data-element_type=\"widget\" data-e-type=\"widget\" data-widget_type=\"spacer.default\">\n\t\t\t\t<div class=\"elementor-widget-container\">\n\t\t\t\t\t\t\t<div class=\"elementor-spacer\">\n\t\t\t<div class=\"elementor-spacer-inner\"><\/div>\n\t\t<\/div>\n\t\t\t\t\t\t<\/div>\n\t\t\t\t<\/div>\n\t\t\t\t<div class=\"elementor-element elementor-element-3688498 elementor-widget elementor-widget-text-editor\" data-id=\"3688498\" data-element_type=\"widget\" data-e-type=\"widget\" data-widget_type=\"text-editor.default\">\n\t\t\t\t<div class=\"elementor-widget-container\">\n\t\t\t\t\t\t\t\t\t<p>Reservations can be made through OpenTable or by calling +506 <span data-teams=\"true\">4404-3715<\/span>.<br \/>Making a reservation is completely free.<\/p>\t\t\t\t\t\t\t\t<\/div>\n\t\t\t\t<\/div>\n\t\t\t\t\t<\/div>\n\t\t<\/div>\n\t\t\t\t\t<\/div>\n\t\t<\/section>\n\t\t\t\t<section class=\"elementor-section elementor-top-section elementor-element elementor-element-c3dff39 elementor-hidden-desktop elementor-hidden-tablet elementor-section-boxed elementor-section-height-default elementor-section-height-default\" data-id=\"c3dff39\" data-element_type=\"section\" data-e-type=\"section\">\n\t\t\t\t\t\t<div class=\"elementor-container elementor-column-gap-default\">\n\t\t\t\t\t<div class=\"elementor-column elementor-col-100 elementor-top-column elementor-element elementor-element-3cf9cca\" data-id=\"3cf9cca\" data-element_type=\"column\" data-e-type=\"column\">\n\t\t\t<div class=\"elementor-widget-wrap elementor-element-populated\">\n\t\t\t\t\t\t<div class=\"elementor-element elementor-element-30c53dd elementor-widget elementor-widget-heading\" data-id=\"30c53dd\" data-element_type=\"widget\" data-e-type=\"widget\" data-widget_type=\"heading.default\">\n\t\t\t\t<div class=\"elementor-widget-container\">\n\t\t\t\t\t<h1 class=\"elementor-heading-title elementor-size-default\">Reservations<\/h1>\t\t\t\t<\/div>\n\t\t\t\t<\/div>\n\t\t\t\t<div class=\"elementor-element elementor-element-501b6eb elementor-widget elementor-widget-text-editor\" data-id=\"501b6eb\" data-element_type=\"widget\" data-e-type=\"widget\" data-widget_type=\"text-editor.default\">\n\t\t\t\t<div class=\"elementor-widget-container\">\n\t\t\t\t\t\t\t\t\t<p>Reserve your table and enjoy great food, a fantastic atmosphere, and the best selection of beers.<\/p>\t\t\t\t\t\t\t\t<\/div>\n\t\t\t\t<\/div>\n\t\t\t\t<section class=\"elementor-section elementor-inner-section elementor-element elementor-element-906903e elementor-hidden-desktop elementor-hidden-tablet elementor-section-boxed elementor-section-height-default elementor-section-height-default\" data-id=\"906903e\" data-element_type=\"section\" data-e-type=\"section\">\n\t\t\t\t\t\t<div class=\"elementor-container elementor-column-gap-default\">\n\t\t\t\t\t<div class=\"elementor-column elementor-col-100 elementor-inner-column elementor-element elementor-element-63b1130\" data-id=\"63b1130\" data-element_type=\"column\" data-e-type=\"column\">\n\t\t\t<div class=\"elementor-widget-wrap elementor-element-populated\">\n\t\t\t\t\t\t<div class=\"elementor-element elementor-element-6d15409 elementor-widget-mobile__width-initial elementor-widget elementor-widget-html\" data-id=\"6d15409\" data-element_type=\"widget\" data-e-type=\"widget\" data-widget_type=\"html.default\">\n\t\t\t\t<div class=\"elementor-widget-container\">\n\t\t\t\t\t<div class=\"iframe-center\">\n  <iframe \n  data-test=\"reservation-widget-iframe\" \n  src=\"https:\/\/www.opentable.com\/widget\/reservation\/mural?restaurantIds=1499092&type=standard&colorThemeId=2&isDarkMode=false&isIframe=true&domain=com&lang=es-MX&isNewTab=false&otSource=Restaurant website&font=BrandonText&primaryColor=ffffff&primaryFontColor=333333&buttonColor=da3743&buttonFontColor=ffffff&logoPid=0&backgroundPid=0&demo=false&otLogo=standard&loadAllWidgets=false&uuid=885948f6-2e1d-4458-85d2-a237436867be16&theme=standard\"\n  width=\"224\"\n  height=\"301\"\n  frameborder=\"0\"\n  scrolling=\"no\">\n  <\/iframe>\n<\/div>\t\t\t\t<\/div>\n\t\t\t\t<\/div>\n\t\t\t\t\t<\/div>\n\t\t<\/div>\n\t\t\t\t\t<\/div>\n\t\t<\/section>\n\t\t\t\t<div class=\"elementor-element elementor-element-7b97a6c elementor-widget elementor-widget-text-editor\" data-id=\"7b97a6c\" data-element_type=\"widget\" data-e-type=\"widget\" data-widget_type=\"text-editor.default\">\n\t\t\t\t<div class=\"elementor-widget-container\">\n\t\t\t\t\t\t\t\t\t<p>Se reciben reservaciones por medio de Open Table o al +506-4404-3843.<br \/>Making a reservation is completely free.<\/p>\t\t\t\t\t\t\t\t<\/div>\n\t\t\t\t<\/div>\n\t\t\t\t\t<\/div>\n\t\t<\/div>\n\t\t\t\t\t<\/div>\n\t\t<\/section>\n\t\t\t\t<\/div>","protected":false},"excerpt":{"rendered":"<p>RESERVACIONES Reserv\u00e1 tu mesa y disfrut\u00e1 de buena comida, gran ambiente y la mejor selecci\u00f3n de cervezas Se reciben reservaciones por medio de Open Table o al +506 4404-3715.Realizar la reservaci\u00f3n es completamente gratis. RESERVACIONES Reserv\u00e1 tu mesa y disfrut\u00e1 de buena comida, gran ambiente y la mejor selecci\u00f3n de cervezas Se reciben reservaciones por&#8230;<\/p>","protected":false},"author":1,"featured_media":0,"parent":0,"menu_order":0,"comment_status":"closed","ping_status":"closed","template":"","meta":{"footnotes":""},"class_list":["post-8103","page","type-page","status-publish","hentry"],"yoast_head":"<!-- This site is optimized with the Yoast SEO plugin v27.3 - https:\/\/yoast.com\/product\/yoast-seo-wordpress\/ -->\n<title>Reservaciones - Yard House CR<\/title>\n<meta name=\"robots\" content=\"index, follow, max-snippet:-1, max-image-preview:large, max-video-preview:-1\" \/>\n<link rel=\"canonical\" href=\"https:\/\/yardhouse.cr\/en\/reservaciones\/\" \/>\n<meta property=\"og:locale\" content=\"en_US\" \/>\n<meta property=\"og:type\" content=\"article\" \/>\n<meta property=\"og:title\" content=\"Reservaciones - Yard House CR\" \/>\n<meta property=\"og:description\" content=\"RESERVACIONES Reserv\u00e1 tu mesa y disfrut\u00e1 de buena comida, gran ambiente y la mejor selecci\u00f3n de cervezas Se reciben reservaciones por medio de Open Table o al +506 4404-3715.Realizar la reservaci\u00f3n es completamente gratis. RESERVACIONES Reserv\u00e1 tu mesa y disfrut\u00e1 de buena comida, gran ambiente y la mejor selecci\u00f3n de cervezas Se reciben reservaciones por...\" \/>\n<meta property=\"og:url\" content=\"https:\/\/yardhouse.cr\/en\/reservaciones\/\" \/>\n<meta property=\"og:site_name\" content=\"Yard House CR\" \/>\n<meta property=\"article:publisher\" content=\"https:\/\/www.facebook.com\/JohnnyRocketsCR\/\" \/>\n<meta property=\"article:modified_time\" content=\"2026-03-30T16:57:50+00:00\" \/>\n<meta name=\"twitter:card\" content=\"summary_large_image\" \/>\n<meta name=\"twitter:label1\" content=\"Est. reading time\" \/>\n\t<meta name=\"twitter:data1\" content=\"1 minute\" \/>\n<script type=\"application\/ld+json\" class=\"yoast-schema-graph\">{\"@context\":\"https:\\\/\\\/schema.org\",\"@graph\":[{\"@type\":\"WebPage\",\"@id\":\"https:\\\/\\\/yardhouse.cr\\\/reservaciones\\\/\",\"url\":\"https:\\\/\\\/yardhouse.cr\\\/reservaciones\\\/\",\"name\":\"Reservaciones - Yard House CR\",\"isPartOf\":{\"@id\":\"https:\\\/\\\/yardhouse.cr\\\/#website\"},\"datePublished\":\"2026-01-05T22:22:32+00:00\",\"dateModified\":\"2026-03-30T16:57:50+00:00\",\"breadcrumb\":{\"@id\":\"https:\\\/\\\/yardhouse.cr\\\/reservaciones\\\/#breadcrumb\"},\"inLanguage\":\"en-US\",\"potentialAction\":[{\"@type\":\"ReadAction\",\"target\":[\"https:\\\/\\\/yardhouse.cr\\\/reservaciones\\\/\"]}]},{\"@type\":\"BreadcrumbList\",\"@id\":\"https:\\\/\\\/yardhouse.cr\\\/reservaciones\\\/#breadcrumb\",\"itemListElement\":[{\"@type\":\"ListItem\",\"position\":1,\"name\":\"Portada\",\"item\":\"https:\\\/\\\/yardhouse.cr\\\/\"},{\"@type\":\"ListItem\",\"position\":2,\"name\":\"Reservaciones\"}]},{\"@type\":\"WebSite\",\"@id\":\"https:\\\/\\\/yardhouse.cr\\\/#website\",\"url\":\"https:\\\/\\\/yardhouse.cr\\\/\",\"name\":\"Yard House CR\",\"description\":\"\",\"publisher\":{\"@id\":\"https:\\\/\\\/yardhouse.cr\\\/#organization\"},\"potentialAction\":[{\"@type\":\"SearchAction\",\"target\":{\"@type\":\"EntryPoint\",\"urlTemplate\":\"https:\\\/\\\/yardhouse.cr\\\/?s={search_term_string}\"},\"query-input\":{\"@type\":\"PropertyValueSpecification\",\"valueRequired\":true,\"valueName\":\"search_term_string\"}}],\"inLanguage\":\"en-US\"},{\"@type\":\"Organization\",\"@id\":\"https:\\\/\\\/yardhouse.cr\\\/#organization\",\"name\":\"Yard House CR\",\"url\":\"https:\\\/\\\/yardhouse.cr\\\/\",\"logo\":{\"@type\":\"ImageObject\",\"inLanguage\":\"en-US\",\"@id\":\"https:\\\/\\\/yardhouse.cr\\\/#\\\/schema\\\/logo\\\/image\\\/\",\"url\":\"https:\\\/\\\/yardhouse.cr\\\/wp-content\\\/uploads\\\/2023\\\/05\\\/YH-Standard-logo.png\",\"contentUrl\":\"https:\\\/\\\/yardhouse.cr\\\/wp-content\\\/uploads\\\/2023\\\/05\\\/YH-Standard-logo.png\",\"width\":872,\"height\":480,\"caption\":\"Yard House CR\"},\"image\":{\"@id\":\"https:\\\/\\\/yardhouse.cr\\\/#\\\/schema\\\/logo\\\/image\\\/\"},\"sameAs\":[\"https:\\\/\\\/www.facebook.com\\\/JohnnyRocketsCR\\\/\",\"https:\\\/\\\/www.instagram.com\\\/johnnyrockets_cr\\\/?hl=en\"]}]}<\/script>\n<!-- \/ Yoast SEO plugin. -->","yoast_head_json":{"title":"Reservaciones - Yard House CR","robots":{"index":"index","follow":"follow","max-snippet":"max-snippet:-1","max-image-preview":"max-image-preview:large","max-video-preview":"max-video-preview:-1"},"canonical":"https:\/\/yardhouse.cr\/en\/reservaciones\/","og_locale":"en_US","og_type":"article","og_title":"Reservaciones - Yard House CR","og_description":"RESERVACIONES Reserv\u00e1 tu mesa y disfrut\u00e1 de buena comida, gran ambiente y la mejor selecci\u00f3n de cervezas Se reciben reservaciones por medio de Open Table o al +506 4404-3715.Realizar la reservaci\u00f3n es completamente gratis. RESERVACIONES Reserv\u00e1 tu mesa y disfrut\u00e1 de buena comida, gran ambiente y la mejor selecci\u00f3n de cervezas Se reciben reservaciones por...","og_url":"https:\/\/yardhouse.cr\/en\/reservaciones\/","og_site_name":"Yard House CR","article_publisher":"https:\/\/www.facebook.com\/JohnnyRocketsCR\/","article_modified_time":"2026-03-30T16:57:50+00:00","twitter_card":"summary_large_image","twitter_misc":{"Est. reading time":"1 minute"},"schema":{"@context":"https:\/\/schema.org","@graph":[{"@type":"WebPage","@id":"https:\/\/yardhouse.cr\/reservaciones\/","url":"https:\/\/yardhouse.cr\/reservaciones\/","name":"Reservaciones - Yard House CR","isPartOf":{"@id":"https:\/\/yardhouse.cr\/#website"},"datePublished":"2026-01-05T22:22:32+00:00","dateModified":"2026-03-30T16:57:50+00:00","breadcrumb":{"@id":"https:\/\/yardhouse.cr\/reservaciones\/#breadcrumb"},"inLanguage":"en-US","potentialAction":[{"@type":"ReadAction","target":["https:\/\/yardhouse.cr\/reservaciones\/"]}]},{"@type":"BreadcrumbList","@id":"https:\/\/yardhouse.cr\/reservaciones\/#breadcrumb","itemListElement":[{"@type":"ListItem","position":1,"name":"Portada","item":"https:\/\/yardhouse.cr\/"},{"@type":"ListItem","position":2,"name":"Reservaciones"}]},{"@type":"WebSite","@id":"https:\/\/yardhouse.cr\/#website","url":"https:\/\/yardhouse.cr\/","name":"Yard House CR","description":"","publisher":{"@id":"https:\/\/yardhouse.cr\/#organization"},"potentialAction":[{"@type":"SearchAction","target":{"@type":"EntryPoint","urlTemplate":"https:\/\/yardhouse.cr\/?s={search_term_string}"},"query-input":{"@type":"PropertyValueSpecification","valueRequired":true,"valueName":"search_term_string"}}],"inLanguage":"en-US"},{"@type":"Organization","@id":"https:\/\/yardhouse.cr\/#organization","name":"Yard House CR","url":"https:\/\/yardhouse.cr\/","logo":{"@type":"ImageObject","inLanguage":"en-US","@id":"https:\/\/yardhouse.cr\/#\/schema\/logo\/image\/","url":"https:\/\/yardhouse.cr\/wp-content\/uploads\/2023\/05\/YH-Standard-logo.png","contentUrl":"https:\/\/yardhouse.cr\/wp-content\/uploads\/2023\/05\/YH-Standard-logo.png","width":872,"height":480,"caption":"Yard House CR"},"image":{"@id":"https:\/\/yardhouse.cr\/#\/schema\/logo\/image\/"},"sameAs":["https:\/\/www.facebook.com\/JohnnyRocketsCR\/","https:\/\/www.instagram.com\/johnnyrockets_cr\/?hl=en"]}]}},"_links":{"self":[{"href":"https:\/\/yardhouse.cr\/en\/wp-json\/wp\/v2\/pages\/8103","targetHints":{"allow":["GET"]}}],"collection":[{"href":"https:\/\/yardhouse.cr\/en\/wp-json\/wp\/v2\/pages"}],"about":[{"href":"https:\/\/yardhouse.cr\/en\/wp-json\/wp\/v2\/types\/page"}],"author":[{"embeddable":true,"href":"https:\/\/yardhouse.cr\/en\/wp-json\/wp\/v2\/users\/1"}],"replies":[{"embeddable":true,"href":"https:\/\/yardhouse.cr\/en\/wp-json\/wp\/v2\/comments?post=8103"}],"version-history":[{"count":139,"href":"https:\/\/yardhouse.cr\/en\/wp-json\/wp\/v2\/pages\/8103\/revisions"}],"predecessor-version":[{"id":10527,"href":"https:\/\/yardhouse.cr\/en\/wp-json\/wp\/v2\/pages\/8103\/revisions\/10527"}],"wp:attachment":[{"href":"https:\/\/yardhouse.cr\/en\/wp-json\/wp\/v2\/media?parent=8103"}],"curies":[{"name":"wp","href":"https:\/\/api.w.org\/{rel}","templated":true}]}}