{"id":5332,"date":"2025-07-23T14:50:20","date_gmt":"2025-07-23T20:50:20","guid":{"rendered":"https:\/\/yardhouse.cr\/?page_id=5332"},"modified":"2025-08-06T11:09:21","modified_gmt":"2025-08-06T17:09:21","slug":"contacto","status":"publish","type":"page","link":"https:\/\/yardhouse.cr\/en\/contacto\/","title":{"rendered":"CONTACT US"},"content":{"rendered":"\t\t<div data-elementor-type=\"wp-page\" data-elementor-id=\"5332\" class=\"elementor elementor-5332\" data-elementor-post-type=\"page\">\n\t\t\t\t\t\t<section class=\"elementor-section elementor-top-section elementor-element elementor-element-7ece7424 elementor-section-content-middle elementor-section-height-min-height elementor-section-full_width elementor-section-height-default elementor-section-items-middle\" data-id=\"7ece7424\" data-element_type=\"section\" data-e-type=\"section\" data-settings=\"{&quot;background_background&quot;:&quot;classic&quot;}\">\n\t\t\t\t\t\t\t<div class=\"elementor-background-overlay\"><\/div>\n\t\t\t\t\t\t\t<div class=\"elementor-container elementor-column-gap-narrow\">\n\t\t\t\t\t<div class=\"elementor-column elementor-col-100 elementor-top-column elementor-element elementor-element-73fa4ac\" data-id=\"73fa4ac\" data-element_type=\"column\" data-e-type=\"column\">\n\t\t\t<div class=\"elementor-widget-wrap elementor-element-populated\">\n\t\t\t\t\t\t<div class=\"elementor-element elementor-element-30a4e897 elementor-widget elementor-widget-heading\" data-id=\"30a4e897\" data-element_type=\"widget\" data-e-type=\"widget\" data-widget_type=\"heading.default\">\n\t\t\t\t<div class=\"elementor-widget-container\">\n\t\t\t\t\t<p class=\"elementor-heading-title elementor-size-default\">CONTACTO<\/p>\t\t\t\t<\/div>\n\t\t\t\t<\/div>\n\t\t\t\t\t<\/div>\n\t\t<\/div>\n\t\t\t\t\t<\/div>\n\t\t<\/section>\n\t\t\t\t<section class=\"elementor-section elementor-top-section elementor-element elementor-element-c51949a elementor-section-boxed elementor-section-height-default elementor-section-height-default\" data-id=\"c51949a\" data-element_type=\"section\" data-e-type=\"section\">\n\t\t\t\t\t\t<div class=\"elementor-container elementor-column-gap-default\">\n\t\t\t\t\t<div class=\"elementor-column elementor-col-50 elementor-top-column elementor-element elementor-element-6719904\" data-id=\"6719904\" data-element_type=\"column\" data-e-type=\"column\">\n\t\t\t<div class=\"elementor-widget-wrap elementor-element-populated\">\n\t\t\t\t\t\t<div class=\"elementor-element elementor-element-40154e5 elementor-widget__width-initial elementor-widget elementor-widget-heading\" data-id=\"40154e5\" data-element_type=\"widget\" data-e-type=\"widget\" data-widget_type=\"heading.default\">\n\t\t\t\t<div class=\"elementor-widget-container\">\n\t\t\t\t\t<h2 class=\"elementor-heading-title elementor-size-default\">\u00bfConsultas? \u00bfPreguntas?\n<\/h2>\t\t\t\t<\/div>\n\t\t\t\t<\/div>\n\t\t\t\t<div class=\"elementor-element elementor-element-634b8af elementor-widget elementor-widget-text-editor\" data-id=\"634b8af\" data-element_type=\"widget\" data-e-type=\"widget\" data-widget_type=\"text-editor.default\">\n\t\t\t\t<div class=\"elementor-widget-container\">\n\t\t\t\t\t\t\t\t\t<p><\/p>\n<p>Ayudanos con tu informaci\u00f3n para poder atenderte mejor y darle el seguimiento adecuado a tus preguntas y comentarios.<\/p>\t\t\t\t\t\t\t\t<\/div>\n\t\t\t\t<\/div>\n\t\t\t\t<div class=\"elementor-element elementor-element-f500713 elementor-widget elementor-widget-text-editor\" data-id=\"f500713\" data-element_type=\"widget\" data-e-type=\"widget\" data-widget_type=\"text-editor.default\">\n\t\t\t\t<div class=\"elementor-widget-container\">\n\t\t\t\t\t\t\t\t\t<div class=\"phone\">\n<p><b>Correo: info@dunkin.cr<\/b><\/p>\n<\/div>\n<div class=\"direct\">&nbsp;&nbsp;<\/div>\t\t\t\t\t\t\t\t<\/div>\n\t\t\t\t<\/div>\n\t\t\t\t\t<\/div>\n\t\t<\/div>\n\t\t\t\t<div class=\"elementor-column elementor-col-50 elementor-top-column elementor-element elementor-element-637c497\" data-id=\"637c497\" data-element_type=\"column\" data-e-type=\"column\">\n\t\t\t<div class=\"elementor-widget-wrap elementor-element-populated\">\n\t\t\t\t\t\t<div class=\"elementor-element elementor-element-f45cbf9 elementor-widget-tablet__width-initial elementor-widget elementor-widget-wpforms\" data-id=\"f45cbf9\" data-element_type=\"widget\" data-e-type=\"widget\" data-widget_type=\"wpforms.default\">\n\t\t\t\t<div class=\"elementor-widget-container\">\n\t\t\t\t\t<style id=\"wpforms-css-vars-elementor-widget-f45cbf9\">\n\t\t\t\t.elementor-widget-wpforms.elementor-element-f45cbf9 {\n\t\t\t\t--wpforms-field-text-color: #C63663;\n--wpforms-button-background-color: #F27024;\n--wpforms-field-size-input-height: 31px;\n--wpforms-field-size-input-spacing: 10px;\n--wpforms-field-size-font-size: 14px;\n--wpforms-field-size-line-height: 17px;\n--wpforms-field-size-padding-h: 9px;\n--wpforms-field-size-checkbox-size: 14px;\n--wpforms-field-size-sublabel-spacing: 5px;\n--wpforms-field-size-icon-size: 0.75;\n\t\t\t}\n\t\t\t<\/style><div class=\"wpforms-container wpforms-container-full wpforms-render-modern\" id=\"wpforms-4063\"><form id=\"wpforms-form-4063\" class=\"wpforms-validate wpforms-form wpforms-ajax-form\" data-formid=\"4063\" method=\"post\" enctype=\"multipart\/form-data\" action=\"\/en\/wp-json\/wp\/v2\/pages\/5332\" data-token=\"f068c204c4ac5c7727ec9275df4329a8\" data-token-time=\"1778342955\"><noscript class=\"wpforms-error-noscript\">Please enable JavaScript in your browser to complete this form.<\/noscript><div id=\"wpforms-error-noscript\" style=\"display: none;\">Please enable JavaScript in your browser to complete this form.<\/div><div class=\"wpforms-field-container\"><div id=\"wpforms-4063-field_1-container\" class=\"wpforms-field wpforms-field-name\" data-field-id=\"1\"><fieldset><legend class=\"wpforms-field-label\">Nombre <span class=\"wpforms-required-label\" aria-hidden=\"true\">*<\/span><\/legend><div class=\"wpforms-field-row wpforms-field-medium\"><div class=\"wpforms-field-row-block wpforms-first wpforms-one-half\"><input type=\"text\" id=\"wpforms-4063-field_1\" class=\"wpforms-field-name-first wpforms-field-required\" name=\"wpforms[fields][1][first]\" aria-errormessage=\"wpforms-4063-field_1-error\" required><label for=\"wpforms-4063-field_1\" class=\"wpforms-field-sublabel after\">First<\/label><\/div><div class=\"wpforms-field-row-block wpforms-one-half\"><input type=\"text\" id=\"wpforms-4063-field_1-last\" class=\"wpforms-field-name-last wpforms-field-required\" name=\"wpforms[fields][1][last]\" aria-errormessage=\"wpforms-4063-field_1-last-error\" required><label for=\"wpforms-4063-field_1-last\" class=\"wpforms-field-sublabel after\">Last<\/label><\/div><\/div><\/fieldset><\/div><div id=\"wpforms-4063-field_2-container\" class=\"wpforms-field wpforms-field-email\" data-field-id=\"2\"><label class=\"wpforms-field-label\" for=\"wpforms-4063-field_2\">Correo electr\u00f3nico <span class=\"wpforms-required-label\" aria-hidden=\"true\">*<\/span><\/label><input type=\"email\" id=\"wpforms-4063-field_2\" class=\"wpforms-field-medium wpforms-field-required\" name=\"wpforms[fields][2]\" spellcheck=\"false\" aria-errormessage=\"wpforms-4063-field_2-error\" required><\/div><div id=\"wpforms-4063-field_4-container\" class=\"wpforms-field wpforms-field-number\" data-field-id=\"4\"><label class=\"wpforms-field-label\" for=\"wpforms-4063-field_4\">N\u00famero de Tel\u00e9fono <span class=\"wpforms-required-label\" aria-hidden=\"true\">*<\/span><\/label><input type=\"number\" id=\"wpforms-4063-field_4\" class=\"wpforms-field-medium wpforms-field-required\" name=\"wpforms[fields][4]\" step=\"any\" aria-errormessage=\"wpforms-4063-field_4-error\" required><\/div>\t\t<div id=\"wpforms-4063-field_5-container\"\n\t\t\tclass=\"wpforms-field wpforms-field-text\"\n\t\t\tdata-field-type=\"text\"\n\t\t\tdata-field-id=\"5\"\n\t\t\t>\n\t\t\t<label class=\"wpforms-field-label\" for=\"wpforms-4063-field_5\" >de electr\u00f3nico Tel\u00e9fono<\/label>\n\t\t\t<input type=\"text\" id=\"wpforms-4063-field_5\" class=\"wpforms-field-medium\" name=\"wpforms[fields][5]\" >\n\t\t<\/div>\n\t\t<div id=\"wpforms-4063-field_3-container\" class=\"wpforms-field wpforms-field-textarea\" data-field-id=\"3\"><label class=\"wpforms-field-label\" for=\"wpforms-4063-field_3\">Comentario <span class=\"wpforms-required-label\" aria-hidden=\"true\">*<\/span><\/label><textarea id=\"wpforms-4063-field_3\" class=\"wpforms-field-medium wpforms-field-required\" name=\"wpforms[fields][3]\" aria-errormessage=\"wpforms-4063-field_3-error\" required><\/textarea><\/div><script>\n\t\t\t\t( function() {\n\t\t\t\t\tconst style = document.createElement( 'style' );\n\t\t\t\t\tstyle.appendChild( document.createTextNode( '#wpforms-4063-field_5-container { position: absolute !important; overflow: hidden !important; display: inline !important; height: 1px !important; width: 1px !important; z-index: -1000 !important; padding: 0 !important; } #wpforms-4063-field_5-container input { visibility: hidden; } #wpforms-conversational-form-page #wpforms-4063-field_5-container label { counter-increment: none; }' ) );\n\t\t\t\t\tdocument.head.appendChild( style );\n\t\t\t\t\tdocument.currentScript?.remove();\n\t\t\t\t} )();\n\t\t\t<\/script><\/div><!-- .wpforms-field-container --><div class=\"wpforms-submit-container\" ><input type=\"hidden\" name=\"wpforms[id]\" value=\"4063\"><input type=\"hidden\" name=\"page_title\" value=\"\"><input type=\"hidden\" name=\"page_url\" value=\"https:\/\/yardhouse.cr\/en\/wp-json\/wp\/v2\/pages\/5332\"><input type=\"hidden\" name=\"url_referer\" value=\"\"><button type=\"submit\" name=\"wpforms[submit]\" id=\"wpforms-submit-4063\" class=\"wpforms-submit\" data-alt-text=\"Enviando...\" data-submit-text=\"Enviar\" aria-live=\"assertive\" value=\"wpforms-submit\">Enviar<\/button><img decoding=\"async\" src=\"https:\/\/yardhouse.cr\/wp-content\/plugins\/wpforms-lite\/assets\/images\/submit-spin.svg\" class=\"wpforms-submit-spinner\" style=\"display: none;\" width=\"26\" height=\"26\" alt=\"Loading\"><\/div><\/form><\/div>  <!-- .wpforms-container -->\t\t\t\t<\/div>\n\t\t\t\t<\/div>\n\t\t\t\t\t<\/div>\n\t\t<\/div>\n\t\t\t\t\t<\/div>\n\t\t<\/section>\n\t\t\t\t<\/div>\n\t\t","protected":false},"excerpt":{"rendered":"<p>CONTACTO \u00bfConsultas? \u00bfPreguntas? Ayudanos con tu informaci\u00f3n para poder atenderte mejor y darle el seguimiento adecuado a tus preguntas y comentarios. Correo: info@dunkin.cr &nbsp;&nbsp; Por favor, activa JavaScript en tu navegador para completar este formulario.Por favor, activa JavaScript en tu navegador para completar este formulario. Nombre * NombreApellidos Correo electr\u00f3nico *N\u00famero de Tel\u00e9fono *Comentario *&#8230;<\/p>","protected":false},"author":1,"featured_media":0,"parent":0,"menu_order":0,"comment_status":"closed","ping_status":"closed","template":"","meta":{"footnotes":""},"class_list":["post-5332","page","type-page","status-publish","hentry"],"yoast_head":"<!-- This site is optimized with the Yoast SEO plugin v27.3 - https:\/\/yoast.com\/product\/yoast-seo-wordpress\/ -->\n<title>CONTACTO - Yard House CR<\/title>\n<meta name=\"robots\" content=\"index, follow, max-snippet:-1, max-image-preview:large, max-video-preview:-1\" \/>\n<link rel=\"canonical\" href=\"https:\/\/yardhouse.cr\/en\/contacto\/\" \/>\n<meta property=\"og:locale\" content=\"en_US\" \/>\n<meta property=\"og:type\" content=\"article\" \/>\n<meta property=\"og:title\" content=\"CONTACTO - Yard House CR\" \/>\n<meta property=\"og:description\" content=\"CONTACTO \u00bfConsultas? \u00bfPreguntas? Ayudanos con tu informaci\u00f3n para poder atenderte mejor y darle el seguimiento adecuado a tus preguntas y comentarios. Correo: info@dunkin.cr &nbsp;&nbsp; Por favor, activa JavaScript en tu navegador para completar este formulario.Por favor, activa JavaScript en tu navegador para completar este formulario. Nombre * NombreApellidos Correo electr\u00f3nico *N\u00famero de Tel\u00e9fono *Comentario *...\" \/>\n<meta property=\"og:url\" content=\"https:\/\/yardhouse.cr\/en\/contacto\/\" \/>\n<meta property=\"og:site_name\" content=\"Yard House CR\" \/>\n<meta property=\"article:publisher\" content=\"https:\/\/www.facebook.com\/JohnnyRocketsCR\/\" \/>\n<meta property=\"article:modified_time\" content=\"2025-08-06T17:09:21+00:00\" \/>\n<meta property=\"og:image\" content=\"https:\/\/yardhouse.cr\/wp-content\/plugins\/wpforms-lite\/assets\/images\/submit-spin.svg\" \/>\n<meta name=\"twitter:card\" content=\"summary_large_image\" \/>\n<meta name=\"twitter:label1\" content=\"Est. reading time\" \/>\n\t<meta name=\"twitter:data1\" content=\"1 minute\" \/>\n<script type=\"application\/ld+json\" class=\"yoast-schema-graph\">{\"@context\":\"https:\\\/\\\/schema.org\",\"@graph\":[{\"@type\":\"WebPage\",\"@id\":\"https:\\\/\\\/yardhouse.cr\\\/contacto\\\/\",\"url\":\"https:\\\/\\\/yardhouse.cr\\\/contacto\\\/\",\"name\":\"CONTACTO - Yard House CR\",\"isPartOf\":{\"@id\":\"https:\\\/\\\/yardhouse.cr\\\/#website\"},\"primaryImageOfPage\":{\"@id\":\"https:\\\/\\\/yardhouse.cr\\\/contacto\\\/#primaryimage\"},\"image\":{\"@id\":\"https:\\\/\\\/yardhouse.cr\\\/contacto\\\/#primaryimage\"},\"thumbnailUrl\":\"https:\\\/\\\/yardhouse.cr\\\/wp-content\\\/plugins\\\/wpforms-lite\\\/assets\\\/images\\\/submit-spin.svg\",\"datePublished\":\"2025-07-23T20:50:20+00:00\",\"dateModified\":\"2025-08-06T17:09:21+00:00\",\"breadcrumb\":{\"@id\":\"https:\\\/\\\/yardhouse.cr\\\/contacto\\\/#breadcrumb\"},\"inLanguage\":\"en-US\",\"potentialAction\":[{\"@type\":\"ReadAction\",\"target\":[\"https:\\\/\\\/yardhouse.cr\\\/contacto\\\/\"]}]},{\"@type\":\"ImageObject\",\"inLanguage\":\"en-US\",\"@id\":\"https:\\\/\\\/yardhouse.cr\\\/contacto\\\/#primaryimage\",\"url\":\"https:\\\/\\\/yardhouse.cr\\\/wp-content\\\/plugins\\\/wpforms-lite\\\/assets\\\/images\\\/submit-spin.svg\",\"contentUrl\":\"https:\\\/\\\/yardhouse.cr\\\/wp-content\\\/plugins\\\/wpforms-lite\\\/assets\\\/images\\\/submit-spin.svg\"},{\"@type\":\"BreadcrumbList\",\"@id\":\"https:\\\/\\\/yardhouse.cr\\\/contacto\\\/#breadcrumb\",\"itemListElement\":[{\"@type\":\"ListItem\",\"position\":1,\"name\":\"Portada\",\"item\":\"https:\\\/\\\/yardhouse.cr\\\/\"},{\"@type\":\"ListItem\",\"position\":2,\"name\":\"CONTACTO\"}]},{\"@type\":\"WebSite\",\"@id\":\"https:\\\/\\\/yardhouse.cr\\\/#website\",\"url\":\"https:\\\/\\\/yardhouse.cr\\\/\",\"name\":\"Yard House CR\",\"description\":\"\",\"publisher\":{\"@id\":\"https:\\\/\\\/yardhouse.cr\\\/#organization\"},\"potentialAction\":[{\"@type\":\"SearchAction\",\"target\":{\"@type\":\"EntryPoint\",\"urlTemplate\":\"https:\\\/\\\/yardhouse.cr\\\/?s={search_term_string}\"},\"query-input\":{\"@type\":\"PropertyValueSpecification\",\"valueRequired\":true,\"valueName\":\"search_term_string\"}}],\"inLanguage\":\"en-US\"},{\"@type\":\"Organization\",\"@id\":\"https:\\\/\\\/yardhouse.cr\\\/#organization\",\"name\":\"Yard House CR\",\"url\":\"https:\\\/\\\/yardhouse.cr\\\/\",\"logo\":{\"@type\":\"ImageObject\",\"inLanguage\":\"en-US\",\"@id\":\"https:\\\/\\\/yardhouse.cr\\\/#\\\/schema\\\/logo\\\/image\\\/\",\"url\":\"https:\\\/\\\/yardhouse.cr\\\/wp-content\\\/uploads\\\/2023\\\/05\\\/YH-Standard-logo.png\",\"contentUrl\":\"https:\\\/\\\/yardhouse.cr\\\/wp-content\\\/uploads\\\/2023\\\/05\\\/YH-Standard-logo.png\",\"width\":872,\"height\":480,\"caption\":\"Yard House CR\"},\"image\":{\"@id\":\"https:\\\/\\\/yardhouse.cr\\\/#\\\/schema\\\/logo\\\/image\\\/\"},\"sameAs\":[\"https:\\\/\\\/www.facebook.com\\\/JohnnyRocketsCR\\\/\",\"https:\\\/\\\/www.instagram.com\\\/johnnyrockets_cr\\\/?hl=en\"]}]}<\/script>\n<!-- \/ Yoast SEO plugin. -->","yoast_head_json":{"title":"CONTACTO - Yard House CR","robots":{"index":"index","follow":"follow","max-snippet":"max-snippet:-1","max-image-preview":"max-image-preview:large","max-video-preview":"max-video-preview:-1"},"canonical":"https:\/\/yardhouse.cr\/en\/contacto\/","og_locale":"en_US","og_type":"article","og_title":"CONTACTO - Yard House CR","og_description":"CONTACTO \u00bfConsultas? \u00bfPreguntas? Ayudanos con tu informaci\u00f3n para poder atenderte mejor y darle el seguimiento adecuado a tus preguntas y comentarios. Correo: info@dunkin.cr &nbsp;&nbsp; Por favor, activa JavaScript en tu navegador para completar este formulario.Por favor, activa JavaScript en tu navegador para completar este formulario. Nombre * NombreApellidos Correo electr\u00f3nico *N\u00famero de Tel\u00e9fono *Comentario *...","og_url":"https:\/\/yardhouse.cr\/en\/contacto\/","og_site_name":"Yard House CR","article_publisher":"https:\/\/www.facebook.com\/JohnnyRocketsCR\/","article_modified_time":"2025-08-06T17:09:21+00:00","og_image":[{"url":"https:\/\/yardhouse.cr\/wp-content\/plugins\/wpforms-lite\/assets\/images\/submit-spin.svg","type":"","width":"","height":""}],"twitter_card":"summary_large_image","twitter_misc":{"Est. reading time":"1 minute"},"schema":{"@context":"https:\/\/schema.org","@graph":[{"@type":"WebPage","@id":"https:\/\/yardhouse.cr\/contacto\/","url":"https:\/\/yardhouse.cr\/contacto\/","name":"CONTACTO - Yard House CR","isPartOf":{"@id":"https:\/\/yardhouse.cr\/#website"},"primaryImageOfPage":{"@id":"https:\/\/yardhouse.cr\/contacto\/#primaryimage"},"image":{"@id":"https:\/\/yardhouse.cr\/contacto\/#primaryimage"},"thumbnailUrl":"https:\/\/yardhouse.cr\/wp-content\/plugins\/wpforms-lite\/assets\/images\/submit-spin.svg","datePublished":"2025-07-23T20:50:20+00:00","dateModified":"2025-08-06T17:09:21+00:00","breadcrumb":{"@id":"https:\/\/yardhouse.cr\/contacto\/#breadcrumb"},"inLanguage":"en-US","potentialAction":[{"@type":"ReadAction","target":["https:\/\/yardhouse.cr\/contacto\/"]}]},{"@type":"ImageObject","inLanguage":"en-US","@id":"https:\/\/yardhouse.cr\/contacto\/#primaryimage","url":"https:\/\/yardhouse.cr\/wp-content\/plugins\/wpforms-lite\/assets\/images\/submit-spin.svg","contentUrl":"https:\/\/yardhouse.cr\/wp-content\/plugins\/wpforms-lite\/assets\/images\/submit-spin.svg"},{"@type":"BreadcrumbList","@id":"https:\/\/yardhouse.cr\/contacto\/#breadcrumb","itemListElement":[{"@type":"ListItem","position":1,"name":"Portada","item":"https:\/\/yardhouse.cr\/"},{"@type":"ListItem","position":2,"name":"CONTACTO"}]},{"@type":"WebSite","@id":"https:\/\/yardhouse.cr\/#website","url":"https:\/\/yardhouse.cr\/","name":"Yard House CR","description":"","publisher":{"@id":"https:\/\/yardhouse.cr\/#organization"},"potentialAction":[{"@type":"SearchAction","target":{"@type":"EntryPoint","urlTemplate":"https:\/\/yardhouse.cr\/?s={search_term_string}"},"query-input":{"@type":"PropertyValueSpecification","valueRequired":true,"valueName":"search_term_string"}}],"inLanguage":"en-US"},{"@type":"Organization","@id":"https:\/\/yardhouse.cr\/#organization","name":"Yard House CR","url":"https:\/\/yardhouse.cr\/","logo":{"@type":"ImageObject","inLanguage":"en-US","@id":"https:\/\/yardhouse.cr\/#\/schema\/logo\/image\/","url":"https:\/\/yardhouse.cr\/wp-content\/uploads\/2023\/05\/YH-Standard-logo.png","contentUrl":"https:\/\/yardhouse.cr\/wp-content\/uploads\/2023\/05\/YH-Standard-logo.png","width":872,"height":480,"caption":"Yard House CR"},"image":{"@id":"https:\/\/yardhouse.cr\/#\/schema\/logo\/image\/"},"sameAs":["https:\/\/www.facebook.com\/JohnnyRocketsCR\/","https:\/\/www.instagram.com\/johnnyrockets_cr\/?hl=en"]}]}},"_links":{"self":[{"href":"https:\/\/yardhouse.cr\/en\/wp-json\/wp\/v2\/pages\/5332","targetHints":{"allow":["GET"]}}],"collection":[{"href":"https:\/\/yardhouse.cr\/en\/wp-json\/wp\/v2\/pages"}],"about":[{"href":"https:\/\/yardhouse.cr\/en\/wp-json\/wp\/v2\/types\/page"}],"author":[{"embeddable":true,"href":"https:\/\/yardhouse.cr\/en\/wp-json\/wp\/v2\/users\/1"}],"replies":[{"embeddable":true,"href":"https:\/\/yardhouse.cr\/en\/wp-json\/wp\/v2\/comments?post=5332"}],"version-history":[{"count":70,"href":"https:\/\/yardhouse.cr\/en\/wp-json\/wp\/v2\/pages\/5332\/revisions"}],"predecessor-version":[{"id":7571,"href":"https:\/\/yardhouse.cr\/en\/wp-json\/wp\/v2\/pages\/5332\/revisions\/7571"}],"wp:attachment":[{"href":"https:\/\/yardhouse.cr\/en\/wp-json\/wp\/v2\/media?parent=5332"}],"curies":[{"name":"wp","href":"https:\/\/api.w.org\/{rel}","templated":true}]}}